{"id":2135,"date":"2023-12-20T11:53:25","date_gmt":"2023-12-20T08:53:25","guid":{"rendered":"http:\/\/3.64.217.70\/?page_id=2135"},"modified":"2025-12-03T17:53:02","modified_gmt":"2025-12-03T14:53:02","slug":"yhtiomateriaalit","status":"publish","type":"page","link":"https:\/\/www.bluefinancegroup.com\/fi\/yhtiomateriaalit\/","title":{"rendered":"Yhti\u00f6materiaalit"},"content":{"rendered":"<div data-elementor-type=\"wp-page\" data-elementor-id=\"2135\" class=\"elementor elementor-2135\">\n\t\t\t\t\t\t<section data-particle_enable=\"false\" data-particle-mobile-disabled=\"false\" class=\"elementor-section elementor-top-section elementor-element elementor-element-b1ff214 elementor-section-boxed elementor-section-height-default elementor-section-height-default\" data-id=\"b1ff214\" data-element_type=\"section\" data-settings=\"{&quot;background_background&quot;:&quot;classic&quot;}\">\n\t\t\t\t\t\t<div class=\"elementor-container elementor-column-gap-no\">\n\t\t\t\t\t<div class=\"elementor-column elementor-col-100 elementor-top-column elementor-element elementor-element-1f5ead2\" data-id=\"1f5ead2\" data-element_type=\"column\">\n\t\t\t<div class=\"elementor-widget-wrap elementor-element-populated\">\n\t\t\t\t\t\t<div class=\"elementor-element elementor-element-3281813 elementor-widget elementor-widget-heading\" data-id=\"3281813\" data-element_type=\"widget\" data-widget_type=\"heading.default\">\n\t\t\t\t<div class=\"elementor-widget-container\">\n\t\t\t\t\t<h1 class=\"elementor-heading-title elementor-size-default\">Yhti\u00f6materiaalit<\/h1>\t\t\t\t<\/div>\n\t\t\t\t<\/div>\n\t\t\t\t\t<\/div>\n\t\t<\/div>\n\t\t\t\t\t<\/div>\n\t\t<\/section>\n\t\t<div data-particle_enable=\"false\" data-particle-mobile-disabled=\"false\" class=\"elementor-element elementor-element-b218c06 e-flex e-con-boxed e-con e-parent\" data-id=\"b218c06\" data-element_type=\"container\">\n\t\t\t\t\t<div class=\"e-con-inner\">\n\t\t<div data-particle_enable=\"false\" data-particle-mobile-disabled=\"false\" class=\"elementor-element elementor-element-e4414fc e-con-full e-flex e-con e-child\" data-id=\"e4414fc\" data-element_type=\"container\">\n\t\t\t\t<div class=\"elementor-element elementor-element-9b1fc75 elementor-widget elementor-widget-heading\" data-id=\"9b1fc75\" data-element_type=\"widget\" data-widget_type=\"heading.default\">\n\t\t\t\t<div class=\"elementor-widget-container\">\n\t\t\t\t\t<h2 class=\"elementor-heading-title elementor-size-default\">Liitteet<\/h2>\t\t\t\t<\/div>\n\t\t\t\t<\/div>\n\t\t\t\t<\/div>\n\t\t<div data-particle_enable=\"false\" data-particle-mobile-disabled=\"false\" class=\"elementor-element elementor-element-087033c e-con-full e-flex e-con e-child\" data-id=\"087033c\" data-element_type=\"container\">\n\t\t\t\t<div class=\"elementor-element elementor-element-442e713 elementor-align-left mobile-width elementor-widget elementor-widget-button\" data-id=\"442e713\" data-element_type=\"widget\" data-widget_type=\"button.default\">\n\t\t\t\t<div class=\"elementor-widget-container\">\n\t\t\t\t\t\t\t\t\t<div class=\"elementor-button-wrapper\">\n\t\t\t\t\t<a class=\"elementor-button elementor-button-link elementor-size-xl\" href=\"https:\/\/www.bluefinancegroup.com\/wp-content\/uploads\/2023\/12\/Blue-Finance-Yhtiojarjestys_25112019.pdf\" target=\"_blank\">\n\t\t\t\t\t\t<span class=\"elementor-button-content-wrapper\">\n\t\t\t\t\t\t\t\t\t<span class=\"elementor-button-text\">Lataa yhti\u00f6j\u00e4rjestys<\/span>\n\t\t\t\t\t<\/span>\n\t\t\t\t\t<\/a>\n\t\t\t\t<\/div>\n\t\t\t\t\t\t\t\t<\/div>\n\t\t\t\t<\/div>\n\t\t\t\t<div class=\"elementor-element elementor-element-f1db913 elementor-align-left elementor-mobile-align-left mobile-width elementor-widget elementor-widget-button\" data-id=\"f1db913\" data-element_type=\"widget\" data-widget_type=\"button.default\">\n\t\t\t\t<div class=\"elementor-widget-container\">\n\t\t\t\t\t\t\t\t\t<div class=\"elementor-button-wrapper\">\n\t\t\t\t\t<a class=\"elementor-button elementor-button-link elementor-size-xl\" href=\"https:\/\/www.bluefinancegroup.com\/wp-content\/uploads\/2025\/07\/Suunnatun-osakeannin-ehdot_B-sarja.pdf\" target=\"_blank\">\n\t\t\t\t\t\t<span class=\"elementor-button-content-wrapper\">\n\t\t\t\t\t\t\t\t\t<span class=\"elementor-button-text\">Lataa Suunnatun B-sarjan osakeannin ehdot<\/span>\n\t\t\t\t\t<\/span>\n\t\t\t\t\t<\/a>\n\t\t\t\t<\/div>\n\t\t\t\t\t\t\t\t<\/div>\n\t\t\t\t<\/div>\n\t\t\t\t<div class=\"elementor-element elementor-element-f043098 elementor-align-left mobile-width elementor-widget elementor-widget-button\" data-id=\"f043098\" data-element_type=\"widget\" data-widget_type=\"button.default\">\n\t\t\t\t<div class=\"elementor-widget-container\">\n\t\t\t\t\t\t\t\t\t<div class=\"elementor-button-wrapper\">\n\t\t\t\t\t<a class=\"elementor-button elementor-button-link elementor-size-xl\" href=\"https:\/\/www.bluefinancegroup.com\/wp-content\/uploads\/2025\/07\/Suunnatun-osakeannin-ehdot_C-sarja.pdf\" target=\"_blank\">\n\t\t\t\t\t\t<span class=\"elementor-button-content-wrapper\">\n\t\t\t\t\t\t\t\t\t<span class=\"elementor-button-text\">Lataa Suunnatun C-sarjan osakeannin ehdot<\/span>\n\t\t\t\t\t<\/span>\n\t\t\t\t\t<\/a>\n\t\t\t\t<\/div>\n\t\t\t\t\t\t\t\t<\/div>\n\t\t\t\t<\/div>\n\t\t\t\t<div class=\"elementor-element elementor-element-ceaf053 elementor-align-left mobile-width elementor-widget elementor-widget-button\" data-id=\"ceaf053\" data-element_type=\"widget\" data-widget_type=\"button.default\">\n\t\t\t\t<div class=\"elementor-widget-container\">\n\t\t\t\t\t\t\t\t\t<div class=\"elementor-button-wrapper\">\n\t\t\t\t\t<a class=\"elementor-button elementor-button-link elementor-size-xl\" href=\"https:\/\/www.bluefinancegroup.com\/wp-content\/uploads\/2024\/04\/Osakeannin_ehdot_E-sarja.pdf\" target=\"_blank\">\n\t\t\t\t\t\t<span class=\"elementor-button-content-wrapper\">\n\t\t\t\t\t\t\t\t\t<span class=\"elementor-button-text\">Lataa Suunnatun E-sarjan osakeannin ehdot<\/span>\n\t\t\t\t\t<\/span>\n\t\t\t\t\t<\/a>\n\t\t\t\t<\/div>\n\t\t\t\t\t\t\t\t<\/div>\n\t\t\t\t<\/div>\n\t\t\t\t<div class=\"elementor-element elementor-element-d9cdb7f elementor-align-left mobile-width elementor-widget elementor-widget-button\" data-id=\"d9cdb7f\" data-element_type=\"widget\" data-widget_type=\"button.default\">\n\t\t\t\t<div class=\"elementor-widget-container\">\n\t\t\t\t\t\t\t\t\t<div class=\"elementor-button-wrapper\">\n\t\t\t\t\t<a class=\"elementor-button elementor-button-link elementor-size-xl\" href=\"https:\/\/www.bluefinancegroup.com\/wp-content\/uploads\/2024\/04\/Osakeannin_ehdot_F-sarja.pdf\" target=\"_blank\">\n\t\t\t\t\t\t<span class=\"elementor-button-content-wrapper\">\n\t\t\t\t\t\t\t\t\t<span class=\"elementor-button-text\">Lataa Suunnatun F-sarjan osakeannin ehdot<\/span>\n\t\t\t\t\t<\/span>\n\t\t\t\t\t<\/a>\n\t\t\t\t<\/div>\n\t\t\t\t\t\t\t\t<\/div>\n\t\t\t\t<\/div>\n\t\t\t\t<div class=\"elementor-element elementor-element-0b5349d elementor-align-left mobile-width elementor-widget elementor-widget-button\" data-id=\"0b5349d\" data-element_type=\"widget\" data-widget_type=\"button.default\">\n\t\t\t\t<div class=\"elementor-widget-container\">\n\t\t\t\t\t\t\t\t\t<div class=\"elementor-button-wrapper\">\n\t\t\t\t\t<a class=\"elementor-button elementor-button-link elementor-size-xl\" href=\"https:\/\/www.bluefinancegroup.com\/wp-content\/uploads\/2023\/12\/Osakeannin-ehdot.pdf\" target=\"_blank\">\n\t\t\t\t\t\t<span class=\"elementor-button-content-wrapper\">\n\t\t\t\t\t\t\t\t\t<span class=\"elementor-button-text\">Lataa Suunnatun G-sarjan osakeannin ehdot<\/span>\n\t\t\t\t\t<\/span>\n\t\t\t\t\t<\/a>\n\t\t\t\t<\/div>\n\t\t\t\t\t\t\t\t<\/div>\n\t\t\t\t<\/div>\n\t\t\t\t<div class=\"elementor-element elementor-element-ff9c593 elementor-align-left mobile-width elementor-widget elementor-widget-button\" data-id=\"ff9c593\" data-element_type=\"widget\" data-widget_type=\"button.default\">\n\t\t\t\t<div class=\"elementor-widget-container\">\n\t\t\t\t\t\t\t\t\t<div class=\"elementor-button-wrapper\">\n\t\t\t\t\t<a class=\"elementor-button elementor-button-link elementor-size-xl\" href=\"https:\/\/www.bluefinancegroup.com\/wp-content\/uploads\/2025\/03\/BFOY-rekisteriote-06-03-2025.pdf\" target=\"_blank\">\n\t\t\t\t\t\t<span class=\"elementor-button-content-wrapper\">\n\t\t\t\t\t\t\t\t\t<span class=\"elementor-button-text\">Lataa kaupparekisteriote<\/span>\n\t\t\t\t\t<\/span>\n\t\t\t\t\t<\/a>\n\t\t\t\t<\/div>\n\t\t\t\t\t\t\t\t<\/div>\n\t\t\t\t<\/div>\n\t\t\t\t<div class=\"elementor-element elementor-element-ed58047 elementor-widget elementor-widget-text-editor\" data-id=\"ed58047\" data-element_type=\"widget\" data-widget_type=\"text-editor.default\">\n\t\t\t\t<div class=\"elementor-widget-container\">\n\t\t\t\t\t\t\t\t\tTaloudelliset raportit ovat n\u00e4ht\u00e4vill\u00e4 <strong><span style=\"text-decoration: underline;\"><a href=\"https:\/\/www.bluefinancegroup.com\/fi\/financial-reports\/\">t\u00e4\u00e4ll\u00e4<\/a><\/span><\/strong>.\t\t\t\t\t\t\t\t<\/div>\n\t\t\t\t<\/div>\n\t\t\t\t<\/div>\n\t\t\t\t\t<\/div>\n\t\t\t\t<\/div>\n\t\t\t\t<\/div>","protected":false},"excerpt":{"rendered":"<p>Documents Links (in Finnish) Lataa yhti\u00f6j\u00e4rjestys Lataa Suunnatun B-sarjan osakeannin ehdot Lataa Suunnatun C-sarjan osakeannin ehdot Lataa Suunnatun E-sarjan osakeannin ehdot Lataa Suunnatun F-sarjan osakeannin ehdot Lataa Suunnatun G-sarjan osakeannin ehdot Lataa kaupparekisteriote Financial reports are available here.<\/p>","protected":false},"author":3,"featured_media":0,"parent":0,"menu_order":0,"comment_status":"closed","ping_status":"closed","template":"","meta":{"site-sidebar-layout":"no-sidebar","site-content-layout":"page-builder","ast-site-content-layout":"full-width-container","site-content-style":"unboxed","site-sidebar-style":"unboxed","ast-global-header-display":"","ast-banner-title-visibility":"","ast-main-header-display":"","ast-hfb-above-header-display":"","ast-hfb-below-header-display":"","ast-hfb-mobile-header-display":"","site-post-title":"disabled","ast-breadcrumbs-content":"","ast-featured-img":"disabled","footer-sml-layout":"","theme-transparent-header-meta":"enabled","adv-header-id-meta":"","stick-header-meta":"","header-above-stick-meta":"","header-main-stick-meta":"","header-below-stick-meta":"","astra-migrate-meta-layouts":"set","ast-page-background-enabled":"default","ast-page-background-meta":{"desktop":{"background-color":"","background-image":"","background-repeat":"repeat","background-position":"center center","background-size":"auto","background-attachment":"scroll","background-type":"","background-media":"","overlay-type":"","overlay-color":"","overlay-opacity":"","overlay-gradient":""},"tablet":{"background-color":"","background-image":"","background-repeat":"repeat","background-position":"center center","background-size":"auto","background-attachment":"scroll","background-type":"","background-media":"","overlay-type":"","overlay-color":"","overlay-opacity":"","overlay-gradient":""},"mobile":{"background-color":"","background-image":"","background-repeat":"repeat","background-position":"center center","background-size":"auto","background-attachment":"scroll","background-type":"","background-media":"","overlay-type":"","overlay-color":"","overlay-opacity":"","overlay-gradient":""}},"ast-content-background-meta":{"desktop":{"background-color":"var(--ast-global-color-5)","background-image":"","background-repeat":"repeat","background-position":"center center","background-size":"auto","background-attachment":"scroll","background-type":"","background-media":"","overlay-type":"","overlay-color":"","overlay-opacity":"","overlay-gradient":""},"tablet":{"background-color":"var(--ast-global-color-5)","background-image":"","background-repeat":"repeat","background-position":"center center","background-size":"auto","background-attachment":"scroll","background-type":"","background-media":"","overlay-type":"","overlay-color":"","overlay-opacity":"","overlay-gradient":""},"mobile":{"background-color":"var(--ast-global-color-5)","background-image":"","background-repeat":"repeat","background-position":"center center","background-size":"auto","background-attachment":"scroll","background-type":"","background-media":"","overlay-type":"","overlay-color":"","overlay-opacity":"","overlay-gradient":""}},"footnotes":""},"class_list":["post-2135","page","type-page","status-publish","hentry"],"yoast_head":"<!-- This site is optimized with the Yoast SEO plugin v27.4 - https:\/\/yoast.com\/product\/yoast-seo-wordpress\/ -->\n<title>Documents - Blue Finance Group<\/title>\n<meta name=\"robots\" content=\"index, follow, max-snippet:-1, max-image-preview:large, max-video-preview:-1\" \/>\n<link rel=\"canonical\" href=\"https:\/\/www.bluefinancegroup.com\/fi\/yhtiomateriaalit\/\" \/>\n<meta property=\"og:locale\" content=\"fi_FI\" \/>\n<meta property=\"og:type\" content=\"article\" \/>\n<meta property=\"og:title\" content=\"Documents - Blue Finance Group\" \/>\n<meta property=\"og:description\" content=\"Documents Links (in Finnish) Lataa yhti\u00f6j\u00e4rjestys Lataa Suunnatun B-sarjan osakeannin ehdot Lataa Suunnatun C-sarjan osakeannin ehdot Lataa Suunnatun E-sarjan osakeannin ehdot Lataa Suunnatun F-sarjan osakeannin ehdot Lataa Suunnatun G-sarjan osakeannin ehdot Lataa kaupparekisteriote Financial reports are available here.\" \/>\n<meta property=\"og:url\" content=\"https:\/\/www.bluefinancegroup.com\/fi\/yhtiomateriaalit\/\" \/>\n<meta property=\"og:site_name\" content=\"Blue Finance Group\" \/>\n<meta property=\"article:modified_time\" content=\"2025-12-03T14:53:02+00:00\" \/>\n<meta name=\"twitter:card\" content=\"summary_large_image\" \/>\n<meta name=\"twitter:label1\" content=\"Arvioitu lukuaika\" \/>\n\t<meta name=\"twitter:data1\" content=\"1 minuutti\" \/>\n<script type=\"application\/ld+json\" class=\"yoast-schema-graph\">{\"@context\":\"https:\\\/\\\/schema.org\",\"@graph\":[{\"@type\":\"WebPage\",\"@id\":\"https:\\\/\\\/www.bluefinancegroup.com\\\/yhtiomateriaalit\\\/\",\"url\":\"https:\\\/\\\/www.bluefinancegroup.com\\\/yhtiomateriaalit\\\/\",\"name\":\"Documents - Blue Finance Group\",\"isPartOf\":{\"@id\":\"https:\\\/\\\/www.bluefinancegroup.com\\\/#website\"},\"datePublished\":\"2023-12-20T08:53:25+00:00\",\"dateModified\":\"2025-12-03T14:53:02+00:00\",\"breadcrumb\":{\"@id\":\"https:\\\/\\\/www.bluefinancegroup.com\\\/yhtiomateriaalit\\\/#breadcrumb\"},\"inLanguage\":\"fi\",\"potentialAction\":[{\"@type\":\"ReadAction\",\"target\":[\"https:\\\/\\\/www.bluefinancegroup.com\\\/yhtiomateriaalit\\\/\"]}]},{\"@type\":\"BreadcrumbList\",\"@id\":\"https:\\\/\\\/www.bluefinancegroup.com\\\/yhtiomateriaalit\\\/#breadcrumb\",\"itemListElement\":[{\"@type\":\"ListItem\",\"position\":1,\"name\":\"Home\",\"item\":\"https:\\\/\\\/www.bluefinancegroup.com\\\/\"},{\"@type\":\"ListItem\",\"position\":2,\"name\":\"Documents\"}]},{\"@type\":\"WebSite\",\"@id\":\"https:\\\/\\\/www.bluefinancegroup.com\\\/#website\",\"url\":\"https:\\\/\\\/www.bluefinancegroup.com\\\/\",\"name\":\"Blue Finance Group\",\"description\":\"Blue Finance Group\",\"publisher\":{\"@id\":\"https:\\\/\\\/www.bluefinancegroup.com\\\/#organization\"},\"potentialAction\":[{\"@type\":\"SearchAction\",\"target\":{\"@type\":\"EntryPoint\",\"urlTemplate\":\"https:\\\/\\\/www.bluefinancegroup.com\\\/?s={search_term_string}\"},\"query-input\":{\"@type\":\"PropertyValueSpecification\",\"valueRequired\":true,\"valueName\":\"search_term_string\"}}],\"inLanguage\":\"fi\"},{\"@type\":\"Organization\",\"@id\":\"https:\\\/\\\/www.bluefinancegroup.com\\\/#organization\",\"name\":\"Blue Finance Group\",\"url\":\"https:\\\/\\\/www.bluefinancegroup.com\\\/\",\"logo\":{\"@type\":\"ImageObject\",\"inLanguage\":\"fi\",\"@id\":\"https:\\\/\\\/www.bluefinancegroup.com\\\/#\\\/schema\\\/logo\\\/image\\\/\",\"url\":\"https:\\\/\\\/www.bluefinancegroup.com\\\/wp-content\\\/uploads\\\/2024\\\/02\\\/bf-logo.png\",\"contentUrl\":\"https:\\\/\\\/www.bluefinancegroup.com\\\/wp-content\\\/uploads\\\/2024\\\/02\\\/bf-logo.png\",\"width\":1432,\"height\":331,\"caption\":\"Blue Finance Group\"},\"image\":{\"@id\":\"https:\\\/\\\/www.bluefinancegroup.com\\\/#\\\/schema\\\/logo\\\/image\\\/\"}}]}<\/script>\n<!-- \/ Yoast SEO plugin. -->","yoast_head_json":{"title":"Documents - Blue Finance Group","robots":{"index":"index","follow":"follow","max-snippet":"max-snippet:-1","max-image-preview":"max-image-preview:large","max-video-preview":"max-video-preview:-1"},"canonical":"https:\/\/www.bluefinancegroup.com\/fi\/yhtiomateriaalit\/","og_locale":"fi_FI","og_type":"article","og_title":"Documents - Blue Finance Group","og_description":"Documents Links (in Finnish) Lataa yhti\u00f6j\u00e4rjestys Lataa Suunnatun B-sarjan osakeannin ehdot Lataa Suunnatun C-sarjan osakeannin ehdot Lataa Suunnatun E-sarjan osakeannin ehdot Lataa Suunnatun F-sarjan osakeannin ehdot Lataa Suunnatun G-sarjan osakeannin ehdot Lataa kaupparekisteriote Financial reports are available here.","og_url":"https:\/\/www.bluefinancegroup.com\/fi\/yhtiomateriaalit\/","og_site_name":"Blue Finance Group","article_modified_time":"2025-12-03T14:53:02+00:00","twitter_card":"summary_large_image","twitter_misc":{"Arvioitu lukuaika":"1 minuutti"},"schema":{"@context":"https:\/\/schema.org","@graph":[{"@type":"WebPage","@id":"https:\/\/www.bluefinancegroup.com\/yhtiomateriaalit\/","url":"https:\/\/www.bluefinancegroup.com\/yhtiomateriaalit\/","name":"Documents - Blue Finance Group","isPartOf":{"@id":"https:\/\/www.bluefinancegroup.com\/#website"},"datePublished":"2023-12-20T08:53:25+00:00","dateModified":"2025-12-03T14:53:02+00:00","breadcrumb":{"@id":"https:\/\/www.bluefinancegroup.com\/yhtiomateriaalit\/#breadcrumb"},"inLanguage":"fi","potentialAction":[{"@type":"ReadAction","target":["https:\/\/www.bluefinancegroup.com\/yhtiomateriaalit\/"]}]},{"@type":"BreadcrumbList","@id":"https:\/\/www.bluefinancegroup.com\/yhtiomateriaalit\/#breadcrumb","itemListElement":[{"@type":"ListItem","position":1,"name":"Home","item":"https:\/\/www.bluefinancegroup.com\/"},{"@type":"ListItem","position":2,"name":"Documents"}]},{"@type":"WebSite","@id":"https:\/\/www.bluefinancegroup.com\/#website","url":"https:\/\/www.bluefinancegroup.com\/","name":"Blue Finance Group","description":"Blue Finance Group","publisher":{"@id":"https:\/\/www.bluefinancegroup.com\/#organization"},"potentialAction":[{"@type":"SearchAction","target":{"@type":"EntryPoint","urlTemplate":"https:\/\/www.bluefinancegroup.com\/?s={search_term_string}"},"query-input":{"@type":"PropertyValueSpecification","valueRequired":true,"valueName":"search_term_string"}}],"inLanguage":"fi"},{"@type":"Organization","@id":"https:\/\/www.bluefinancegroup.com\/#organization","name":"Blue Finance Group","url":"https:\/\/www.bluefinancegroup.com\/","logo":{"@type":"ImageObject","inLanguage":"fi","@id":"https:\/\/www.bluefinancegroup.com\/#\/schema\/logo\/image\/","url":"https:\/\/www.bluefinancegroup.com\/wp-content\/uploads\/2024\/02\/bf-logo.png","contentUrl":"https:\/\/www.bluefinancegroup.com\/wp-content\/uploads\/2024\/02\/bf-logo.png","width":1432,"height":331,"caption":"Blue Finance Group"},"image":{"@id":"https:\/\/www.bluefinancegroup.com\/#\/schema\/logo\/image\/"}}]}},"_links":{"self":[{"href":"https:\/\/www.bluefinancegroup.com\/fi\/wp-json\/wp\/v2\/pages\/2135","targetHints":{"allow":["GET"]}}],"collection":[{"href":"https:\/\/www.bluefinancegroup.com\/fi\/wp-json\/wp\/v2\/pages"}],"about":[{"href":"https:\/\/www.bluefinancegroup.com\/fi\/wp-json\/wp\/v2\/types\/page"}],"author":[{"embeddable":true,"href":"https:\/\/www.bluefinancegroup.com\/fi\/wp-json\/wp\/v2\/users\/3"}],"replies":[{"embeddable":true,"href":"https:\/\/www.bluefinancegroup.com\/fi\/wp-json\/wp\/v2\/comments?post=2135"}],"version-history":[{"count":56,"href":"https:\/\/www.bluefinancegroup.com\/fi\/wp-json\/wp\/v2\/pages\/2135\/revisions"}],"predecessor-version":[{"id":14881,"href":"https:\/\/www.bluefinancegroup.com\/fi\/wp-json\/wp\/v2\/pages\/2135\/revisions\/14881"}],"wp:attachment":[{"href":"https:\/\/www.bluefinancegroup.com\/fi\/wp-json\/wp\/v2\/media?parent=2135"}],"curies":[{"name":"wp","href":"https:\/\/api.w.org\/{rel}","templated":true}]}}