{"id":14414,"date":"2025-06-13T15:18:11","date_gmt":"2025-06-13T12:18:11","guid":{"rendered":"https:\/\/www.bluefinancegroup.com\/?page_id=14414"},"modified":"2025-12-05T17:37:28","modified_gmt":"2025-12-05T14:37:28","slug":"rekisteriseloste","status":"publish","type":"page","link":"https:\/\/www.bluefinancegroup.com\/fi\/rekisteriseloste\/","title":{"rendered":"Rekisteriseloste"},"content":{"rendered":"<div data-elementor-type=\"wp-page\" data-elementor-id=\"14414\" class=\"elementor elementor-14414\">\n\t\t\t\t\t\t<section data-particle_enable=\"false\" data-particle-mobile-disabled=\"false\" class=\"elementor-section elementor-top-section elementor-element elementor-element-b1ff214 elementor-section-boxed elementor-section-height-default elementor-section-height-default\" data-id=\"b1ff214\" data-element_type=\"section\" data-settings=\"{&quot;background_background&quot;:&quot;classic&quot;}\">\n\t\t\t\t\t\t<div class=\"elementor-container elementor-column-gap-no\">\n\t\t\t\t\t<div class=\"elementor-column elementor-col-100 elementor-top-column elementor-element elementor-element-1f5ead2\" data-id=\"1f5ead2\" data-element_type=\"column\">\n\t\t\t<div class=\"elementor-widget-wrap elementor-element-populated\">\n\t\t\t\t\t\t<div class=\"elementor-element elementor-element-3281813 elementor-widget elementor-widget-heading\" data-id=\"3281813\" data-element_type=\"widget\" data-widget_type=\"heading.default\">\n\t\t\t\t<div class=\"elementor-widget-container\">\n\t\t\t\t\t<h1 class=\"elementor-heading-title elementor-size-default\">Rekisteriseloste<\/h1>\t\t\t\t<\/div>\n\t\t\t\t<\/div>\n\t\t\t\t\t<\/div>\n\t\t<\/div>\n\t\t\t\t\t<\/div>\n\t\t<\/section>\n\t\t<div data-particle_enable=\"false\" data-particle-mobile-disabled=\"false\" class=\"elementor-element elementor-element-cc29c40 e-flex e-con-boxed e-con e-parent\" data-id=\"cc29c40\" data-element_type=\"container\">\n\t\t\t\t\t<div class=\"e-con-inner\">\n\t\t\t\t<div class=\"elementor-element elementor-element-2d77243 elementor-widget elementor-widget-text-editor\" data-id=\"2d77243\" data-element_type=\"widget\" data-widget_type=\"text-editor.default\">\n\t\t\t\t<div class=\"elementor-widget-container\">\n\t\t\t\t\t\t\t\t\t<p><strong>1. REKISTERIN PIT\u00c4J\u00c4<\/strong><br \/>Blue Finance Oy, Y-tunnus 2431091-9, Linnankatu 18, 20100 TURKU, S\u00e4hk\u00f6posti <a href=\"\/fi\/m&\/#97;&#105;&#x6c;&#x74;&#x6f;:&#105;&#110;&#x66;&#x6f;&#x40;bl&#117;&#x65;&#x66;&#x69;na&#110;&#99;&#x65;&#x67;&#x72;o&#117;&#112;&#x2e;&#x63;&#x6f;m\">info@bluefinancegroup.com<\/a>.<\/p><p><strong>2. REKISTERIN NIMI<\/strong><br \/>Blue Finance Oy:n sijoittajarekisteri.<\/p><p><strong>3. HENKIL\u00d6TIETOJEN K\u00c4SITTELYN TARKOITUS<\/strong><br \/>Rekisteri\u00e4 k\u00e4ytet\u00e4\u00e4n Blue Finance Oy:n osinkotuottoa.fi -palvelun k\u00e4ytt\u00e4jien luettelointiin. Sijoittajarekisteri\u00e4 k\u00e4ytet\u00e4\u00e4n my\u00f6s lakiin perustuvien ja viranomaisten m\u00e4\u00e4r\u00e4ysten ja ohjeiden mukaisten s\u00e4ilytys-, raportointi- ja kyselyvelvoitteiden hoitamiseen. Henkil\u00f6tietoja k\u00e4ytet\u00e4\u00e4n my\u00f6s henkil\u00f6tietolain sallimissa ja velvoittamissa rajoissa asiakassuhteen hoitamiseen, hallintaan ja kehitt\u00e4miseen, analysointiin, tilastointiin ja tietopalveluiden tuottamiseen, tarjoamiseen ja kehitt\u00e4miseen. Rekisterin sis\u00e4lt\u00e4mi\u00e4 tietoja voidaan k\u00e4ytt\u00e4\u00e4 rekisterinpit\u00e4j\u00e4n ja sen kanssa samaan konserniin kuuluvien yhti\u00f6iden ja n\u00e4iden yhteisty\u00f6kumppanien markkinointiin, markkinatutkimuksiin sek\u00e4 markkinointikilpailujen j\u00e4rjest\u00e4miseen luovuttamatta henkil\u00f6tietoja ulkopuolisille tahoille.<\/p><p><strong>4. REKISTERIN TIETOSIS\u00c4LT\u00d6<\/strong><br \/>Sijoittajan\u00a0nimi, henkil\u00f6tunnus ja yhteystiedot, sukupuoli, pankkiyhteys, kansalaisuus ja muut asiakkaan antamat tiedot sek\u00e4 IP-osoite, josta asiakas on ottanut yhteytt\u00e4 Blue Finance Oy:\u00f6\u00f6n.<\/p><p><strong>5. S\u00c4\u00c4NN\u00d6NMUKAISET TIETOL\u00c4HTEET<\/strong><br \/>Sijoittajan ilmoittamat tiedot ja palvelun yll\u00e4pidon yhteydess\u00e4 muutetut tiedot.<\/p><p><strong>6. S\u00c4\u00c4NN\u00d6NMUKAISET TIETOJEN LUOVUTUKSET<\/strong><br \/>Henkil\u00f6tietoja ei luovuteta muutoin ulkopuolisille, lukuun ottamatta tarvittaessa viranomaisille ja markkinointitarkoituksiin kohdassa 8 kuvatulla tavalla. Siirrett\u00e4vien tietojen asianmukaiseksi suojaamiseksi on k\u00e4yt\u00f6ss\u00e4 tietoturvaj\u00e4rjestelyt.<\/p><p><strong>7. REKISTERIN SUOJAUKSEN PERIAATTEET<\/strong><br \/>Manuaalinen aineisto s\u00e4ilytet\u00e4\u00e4n asianmukaisesti lukituissa tiloissa enint\u00e4\u00e4n 7 vuotta viimeisest\u00e4 asiakastapahtumasta. Asiakkaalta olevaa saatavaa koskevat tiedot s\u00e4ilytet\u00e4\u00e4n t\u00e4m\u00e4n j\u00e4lkeenkin kunnes saatava on maksettu. S\u00e4hk\u00f6isesti tallennettu tieto s\u00e4ilytet\u00e4\u00e4n asianmukaisesti suojatussa, k\u00e4ytt\u00e4j\u00e4tunnistuksen vaativassa tietoj\u00e4rjestelm\u00e4ss\u00e4 enint\u00e4\u00e4n 7 vuotta viimeisest\u00e4 asiakastapahtumasta. Asiakkaalta olevaa saatavaa koskevat tiedot s\u00e4ilytet\u00e4\u00e4n t\u00e4m\u00e4n j\u00e4lkeenkin kunnes saatava on maksettu. Tiedot k\u00e4sitell\u00e4\u00e4n luottamuksellisesti, eiv\u00e4tk\u00e4 niihin p\u00e4\u00e4se k\u00e4siksi yrityksen ulkopuoliset tahot.<\/p><p><strong>8. MARKKINOINTI<\/strong><br \/>Rekisterist\u00e4 voidaan myyd\u00e4 tai luovuttaa henkil\u00f6tietolain sallimia tietoja Blue Finance Oy:n valikoiduille yhteisty\u00f6kumppaneille suoramarkkinointitarkoituksiin, markkinatutkimuksiin sek\u00e4 markkinointikilpailujen j\u00e4rjest\u00e4miseen, ellei rekister\u00f6ity ole kielt\u00e4nyt tietojen luovuttamista. Blue Finance Oy voi k\u00e4ytt\u00e4\u00e4 asiakkaiden tietoja omaan suoramainontaan, et\u00e4myyntiin ja muuhun suoramarkkinointiin (mukaan lukien s\u00e4hk\u00f6iset viestint\u00e4v\u00e4lineet).<\/p><p><strong>9. TARKASTUSOIKEUS<\/strong><br \/>Henkil\u00f6ll\u00e4 on oikeus tarkastaa h\u00e4nt\u00e4 koskevat rekisteriin merkityt tiedot (HenkTL 26\u00a7). Pyynn\u00f6t tietojen tarkistamisesta tulee tehd\u00e4 kirjallisena rekisterin pit\u00e4j\u00e4lle.<\/p><p><strong>10. KORJAAMISOIKEUS<\/strong><br \/>Korjaamme ilman aiheetonta viiv\u00e4styst\u00e4 rekisteriss\u00e4 olevan k\u00e4sittelyn tarkoituksen kannalta virheellisen, tarpeettoman, puutteellisen tai vanhentuneen henkil\u00f6tiedon. Huolehdimme virheellisen tiedon korjaamisesta sek\u00e4 oma-aloitteisesti ett\u00e4 my\u00f6s rekister\u00f6idyn vaatimuksesta.<\/p><p><strong>11. KIELTO-OIKEUS<\/strong><br \/>Rekister\u00f6idyll\u00e4 on henkil\u00f6tietolain mukaan oikeus kielt\u00e4\u00e4 meit\u00e4 k\u00e4sittelem\u00e4st\u00e4 h\u00e4nt\u00e4 itse\u00e4\u00e4n koskevia tietoja suoramainontaa, et\u00e4myynti\u00e4 ja muuta suoramarkkinointia sek\u00e4 markkina- ja mielipidetutkimusta varten. Asiakas voi kielt\u00e4\u00e4 markkinoinnin l\u00e4hett\u00e4m\u00e4ll\u00e4 kiellon s\u00e4hk\u00f6postitse osoitteeseen <a href=\"\/fi\/&\/#109;&#x61;&#105;&#x6c;&#116;&#x6f;&#58;&#x69;&#110;&#x66;&#111;&#x40;&#98;&#x6c;&#117;&#x65;&#102;&#x69;&#110;&#x61;&#110;&#x63;&#101;&#x67;&#114;&#x6f;&#117;&#x70;&#46;&#x63;&#111;&#x6d;\">info@bluefinancegroup.com<\/a>.<\/p><p>Kysymykset rekisteriselosteesta: <a class=\"link-1\" href=\"\/fi\/&\/#109;&#x61;&#x69;l&#116;&#x6f;:&#105;&#x6e;&#x66;o&#64;&#x62;l&#117;&#x65;&#x66;i&#110;&#x61;n&#99;&#x65;&#x67;&#114;&#111;&#x75;p&#46;&#x63;&#x6f;&#109;\">info@bluefinancegroup.com<\/a><\/p>\t\t\t\t\t\t\t\t<\/div>\n\t\t\t\t<\/div>\n\t\t\t\t\t<\/div>\n\t\t\t\t<\/div>\n\t\t\t\t<\/div>","protected":false},"excerpt":{"rendered":"<p>Rekisteriseloste 1. REKISTERIN PIT\u00c4J\u00c4Blue Finance Oy, Y-tunnus 2431091-9, Linnankatu 18, 20100 TURKU, S\u00e4hk\u00f6posti i&#110;&#102;&#111;&#x40;&#x62;&#x6c;ue&#102;&#105;&#x6e;&#x61;&#x6e;&#x63;eg&#114;&#111;&#x75;&#x70;&#x2e;&#x63;o&#109;. 2. REKISTERIN NIMIBlue Finance Oy:n sijoittajarekisteri. 3. HENKIL\u00d6TIETOJEN K\u00c4SITTELYN TARKOITUSRekisteri\u00e4 k\u00e4ytet\u00e4\u00e4n Blue Finance Oy:n osinkotuottoa.fi -palvelun k\u00e4ytt\u00e4jien luettelointiin. Sijoittajarekisteri\u00e4 k\u00e4ytet\u00e4\u00e4n my\u00f6s lakiin perustuvien ja viranomaisten m\u00e4\u00e4r\u00e4ysten ja ohjeiden mukaisten s\u00e4ilytys-, raportointi- ja kyselyvelvoitteiden hoitamiseen. Henkil\u00f6tietoja k\u00e4ytet\u00e4\u00e4n my\u00f6s henkil\u00f6tietolain sallimissa ja velvoittamissa [&hellip;]<\/p>\n","protected":false},"author":2,"featured_media":0,"parent":0,"menu_order":0,"comment_status":"closed","ping_status":"closed","template":"","meta":{"site-sidebar-layout":"no-sidebar","site-content-layout":"page-builder","ast-site-content-layout":"full-width-container","site-content-style":"unboxed","site-sidebar-style":"unboxed","ast-global-header-display":"","ast-banner-title-visibility":"","ast-main-header-display":"","ast-hfb-above-header-display":"","ast-hfb-below-header-display":"","ast-hfb-mobile-header-display":"","site-post-title":"disabled","ast-breadcrumbs-content":"","ast-featured-img":"disabled","footer-sml-layout":"","theme-transparent-header-meta":"enabled","adv-header-id-meta":"","stick-header-meta":"default","header-above-stick-meta":"","header-main-stick-meta":"","header-below-stick-meta":"","astra-migrate-meta-layouts":"set","ast-page-background-enabled":"default","ast-page-background-meta":{"desktop":{"background-color":"","background-image":"","background-repeat":"repeat","background-position":"center center","background-size":"auto","background-attachment":"scroll","background-type":"","background-media":"","overlay-type":"","overlay-color":"","overlay-opacity":"","overlay-gradient":""},"tablet":{"background-color":"","background-image":"","background-repeat":"repeat","background-position":"center center","background-size":"auto","background-attachment":"scroll","background-type":"","background-media":"","overlay-type":"","overlay-color":"","overlay-opacity":"","overlay-gradient":""},"mobile":{"background-color":"","background-image":"","background-repeat":"repeat","background-position":"center center","background-size":"auto","background-attachment":"scroll","background-type":"","background-media":"","overlay-type":"","overlay-color":"","overlay-opacity":"","overlay-gradient":""}},"ast-content-background-meta":{"desktop":{"background-color":"var(--ast-global-color-5)","background-image":"","background-repeat":"repeat","background-position":"center center","background-size":"auto","background-attachment":"scroll","background-type":"","background-media":"","overlay-type":"","overlay-color":"","overlay-opacity":"","overlay-gradient":""},"tablet":{"background-color":"var(--ast-global-color-5)","background-image":"","background-repeat":"repeat","background-position":"center center","background-size":"auto","background-attachment":"scroll","background-type":"","background-media":"","overlay-type":"","overlay-color":"","overlay-opacity":"","overlay-gradient":""},"mobile":{"background-color":"var(--ast-global-color-5)","background-image":"","background-repeat":"repeat","background-position":"center center","background-size":"auto","background-attachment":"scroll","background-type":"","background-media":"","overlay-type":"","overlay-color":"","overlay-opacity":"","overlay-gradient":""}},"footnotes":""},"class_list":["post-14414","page","type-page","status-publish","hentry"],"yoast_head":"<!-- This site is optimized with the Yoast SEO plugin v27.4 - https:\/\/yoast.com\/product\/yoast-seo-wordpress\/ -->\n<title>Rekisteriseloste - Blue Finance Group<\/title>\n<meta name=\"robots\" content=\"index, follow, max-snippet:-1, max-image-preview:large, max-video-preview:-1\" \/>\n<link rel=\"canonical\" href=\"https:\/\/www.bluefinancegroup.com\/fi\/rekisteriseloste\/\" \/>\n<meta property=\"og:locale\" content=\"fi_FI\" \/>\n<meta property=\"og:type\" content=\"article\" \/>\n<meta property=\"og:title\" content=\"Rekisteriseloste - Blue Finance Group\" \/>\n<meta property=\"og:description\" content=\"Rekisteriseloste 1. REKISTERIN PIT\u00c4J\u00c4Blue Finance Oy, Y-tunnus 2431091-9, Linnankatu 18, 20100 TURKU, S\u00e4hk\u00f6posti &#x69;&#110;f&#x6f;&#x40;&#098;l&#x75;&#x65;&#102;i&#x6e;&#x61;&#110;c&#x65;&#x67;&#114;o&#x75;&#112;&#046;c&#x6f;&#109;. 2. REKISTERIN NIMIBlue Finance Oy:n sijoittajarekisteri. 3. HENKIL\u00d6TIETOJEN K\u00c4SITTELYN TARKOITUSRekisteri\u00e4 k\u00e4ytet\u00e4\u00e4n Blue Finance Oy:n osinkotuottoa.fi -palvelun k\u00e4ytt\u00e4jien luettelointiin. Sijoittajarekisteri\u00e4 k\u00e4ytet\u00e4\u00e4n my\u00f6s lakiin perustuvien ja viranomaisten m\u00e4\u00e4r\u00e4ysten ja ohjeiden mukaisten s\u00e4ilytys-, raportointi- ja kyselyvelvoitteiden hoitamiseen. Henkil\u00f6tietoja k\u00e4ytet\u00e4\u00e4n my\u00f6s henkil\u00f6tietolain sallimissa ja velvoittamissa [&hellip;]\" \/>\n<meta property=\"og:url\" content=\"https:\/\/www.bluefinancegroup.com\/fi\/rekisteriseloste\/\" \/>\n<meta property=\"og:site_name\" content=\"Blue Finance Group\" \/>\n<meta property=\"article:modified_time\" content=\"2025-12-05T14:37:28+00:00\" \/>\n<meta name=\"twitter:card\" content=\"summary_large_image\" \/>\n<meta name=\"twitter:label1\" content=\"Arvioitu lukuaika\" \/>\n\t<meta name=\"twitter:data1\" content=\"2 minuuttia\" \/>\n<script type=\"application\/ld+json\" class=\"yoast-schema-graph\">{\"@context\":\"https:\\\/\\\/schema.org\",\"@graph\":[{\"@type\":\"WebPage\",\"@id\":\"https:\\\/\\\/www.bluefinancegroup.com\\\/rekisteriseloste\\\/\",\"url\":\"https:\\\/\\\/www.bluefinancegroup.com\\\/rekisteriseloste\\\/\",\"name\":\"Rekisteriseloste - Blue Finance Group\",\"isPartOf\":{\"@id\":\"https:\\\/\\\/www.bluefinancegroup.com\\\/#website\"},\"datePublished\":\"2025-06-13T12:18:11+00:00\",\"dateModified\":\"2025-12-05T14:37:28+00:00\",\"breadcrumb\":{\"@id\":\"https:\\\/\\\/www.bluefinancegroup.com\\\/rekisteriseloste\\\/#breadcrumb\"},\"inLanguage\":\"fi\",\"potentialAction\":[{\"@type\":\"ReadAction\",\"target\":[\"https:\\\/\\\/www.bluefinancegroup.com\\\/rekisteriseloste\\\/\"]}]},{\"@type\":\"BreadcrumbList\",\"@id\":\"https:\\\/\\\/www.bluefinancegroup.com\\\/rekisteriseloste\\\/#breadcrumb\",\"itemListElement\":[{\"@type\":\"ListItem\",\"position\":1,\"name\":\"Home\",\"item\":\"https:\\\/\\\/www.bluefinancegroup.com\\\/\"},{\"@type\":\"ListItem\",\"position\":2,\"name\":\"Rekisteriseloste\"}]},{\"@type\":\"WebSite\",\"@id\":\"https:\\\/\\\/www.bluefinancegroup.com\\\/#website\",\"url\":\"https:\\\/\\\/www.bluefinancegroup.com\\\/\",\"name\":\"Blue Finance Group\",\"description\":\"Blue Finance Group\",\"publisher\":{\"@id\":\"https:\\\/\\\/www.bluefinancegroup.com\\\/#organization\"},\"potentialAction\":[{\"@type\":\"SearchAction\",\"target\":{\"@type\":\"EntryPoint\",\"urlTemplate\":\"https:\\\/\\\/www.bluefinancegroup.com\\\/?s={search_term_string}\"},\"query-input\":{\"@type\":\"PropertyValueSpecification\",\"valueRequired\":true,\"valueName\":\"search_term_string\"}}],\"inLanguage\":\"fi\"},{\"@type\":\"Organization\",\"@id\":\"https:\\\/\\\/www.bluefinancegroup.com\\\/#organization\",\"name\":\"Blue Finance Group\",\"url\":\"https:\\\/\\\/www.bluefinancegroup.com\\\/\",\"logo\":{\"@type\":\"ImageObject\",\"inLanguage\":\"fi\",\"@id\":\"https:\\\/\\\/www.bluefinancegroup.com\\\/#\\\/schema\\\/logo\\\/image\\\/\",\"url\":\"https:\\\/\\\/www.bluefinancegroup.com\\\/wp-content\\\/uploads\\\/2024\\\/02\\\/bf-logo.png\",\"contentUrl\":\"https:\\\/\\\/www.bluefinancegroup.com\\\/wp-content\\\/uploads\\\/2024\\\/02\\\/bf-logo.png\",\"width\":1432,\"height\":331,\"caption\":\"Blue Finance Group\"},\"image\":{\"@id\":\"https:\\\/\\\/www.bluefinancegroup.com\\\/#\\\/schema\\\/logo\\\/image\\\/\"}}]}<\/script>\n<!-- \/ Yoast SEO plugin. -->","yoast_head_json":{"title":"Rekisteriseloste - Blue Finance Group","robots":{"index":"index","follow":"follow","max-snippet":"max-snippet:-1","max-image-preview":"max-image-preview:large","max-video-preview":"max-video-preview:-1"},"canonical":"https:\/\/www.bluefinancegroup.com\/fi\/rekisteriseloste\/","og_locale":"fi_FI","og_type":"article","og_title":"Rekisteriseloste - Blue Finance Group","og_description":"Rekisteriseloste 1. REKISTERIN PIT\u00c4J\u00c4Blue Finance Oy, Y-tunnus 2431091-9, Linnankatu 18, 20100 TURKU, S\u00e4hk\u00f6posti &#x69;&#110;f&#x6f;&#x40;&#98;l&#x75;&#x65;&#102;i&#x6e;&#x61;&#110;c&#x65;&#x67;&#114;o&#x75;&#112;&#46;c&#x6f;&#109;. 2. REKISTERIN NIMIBlue Finance Oy:n sijoittajarekisteri. 3. HENKIL\u00d6TIETOJEN K\u00c4SITTELYN TARKOITUSRekisteri\u00e4 k\u00e4ytet\u00e4\u00e4n Blue Finance Oy:n osinkotuottoa.fi -palvelun k\u00e4ytt\u00e4jien luettelointiin. Sijoittajarekisteri\u00e4 k\u00e4ytet\u00e4\u00e4n my\u00f6s lakiin perustuvien ja viranomaisten m\u00e4\u00e4r\u00e4ysten ja ohjeiden mukaisten s\u00e4ilytys-, raportointi- ja kyselyvelvoitteiden hoitamiseen. Henkil\u00f6tietoja k\u00e4ytet\u00e4\u00e4n my\u00f6s henkil\u00f6tietolain sallimissa ja velvoittamissa [&hellip;]","og_url":"https:\/\/www.bluefinancegroup.com\/fi\/rekisteriseloste\/","og_site_name":"Blue Finance Group","article_modified_time":"2025-12-05T14:37:28+00:00","twitter_card":"summary_large_image","twitter_misc":{"Arvioitu lukuaika":"2 minuuttia"},"schema":{"@context":"https:\/\/schema.org","@graph":[{"@type":"WebPage","@id":"https:\/\/www.bluefinancegroup.com\/rekisteriseloste\/","url":"https:\/\/www.bluefinancegroup.com\/rekisteriseloste\/","name":"Rekisteriseloste - Blue Finance Group","isPartOf":{"@id":"https:\/\/www.bluefinancegroup.com\/#website"},"datePublished":"2025-06-13T12:18:11+00:00","dateModified":"2025-12-05T14:37:28+00:00","breadcrumb":{"@id":"https:\/\/www.bluefinancegroup.com\/rekisteriseloste\/#breadcrumb"},"inLanguage":"fi","potentialAction":[{"@type":"ReadAction","target":["https:\/\/www.bluefinancegroup.com\/rekisteriseloste\/"]}]},{"@type":"BreadcrumbList","@id":"https:\/\/www.bluefinancegroup.com\/rekisteriseloste\/#breadcrumb","itemListElement":[{"@type":"ListItem","position":1,"name":"Home","item":"https:\/\/www.bluefinancegroup.com\/"},{"@type":"ListItem","position":2,"name":"Rekisteriseloste"}]},{"@type":"WebSite","@id":"https:\/\/www.bluefinancegroup.com\/#website","url":"https:\/\/www.bluefinancegroup.com\/","name":"Blue Finance Group","description":"Blue Finance Group","publisher":{"@id":"https:\/\/www.bluefinancegroup.com\/#organization"},"potentialAction":[{"@type":"SearchAction","target":{"@type":"EntryPoint","urlTemplate":"https:\/\/www.bluefinancegroup.com\/?s={search_term_string}"},"query-input":{"@type":"PropertyValueSpecification","valueRequired":true,"valueName":"search_term_string"}}],"inLanguage":"fi"},{"@type":"Organization","@id":"https:\/\/www.bluefinancegroup.com\/#organization","name":"Blue Finance Group","url":"https:\/\/www.bluefinancegroup.com\/","logo":{"@type":"ImageObject","inLanguage":"fi","@id":"https:\/\/www.bluefinancegroup.com\/#\/schema\/logo\/image\/","url":"https:\/\/www.bluefinancegroup.com\/wp-content\/uploads\/2024\/02\/bf-logo.png","contentUrl":"https:\/\/www.bluefinancegroup.com\/wp-content\/uploads\/2024\/02\/bf-logo.png","width":1432,"height":331,"caption":"Blue Finance Group"},"image":{"@id":"https:\/\/www.bluefinancegroup.com\/#\/schema\/logo\/image\/"}}]}},"_links":{"self":[{"href":"https:\/\/www.bluefinancegroup.com\/fi\/wp-json\/wp\/v2\/pages\/14414","targetHints":{"allow":["GET"]}}],"collection":[{"href":"https:\/\/www.bluefinancegroup.com\/fi\/wp-json\/wp\/v2\/pages"}],"about":[{"href":"https:\/\/www.bluefinancegroup.com\/fi\/wp-json\/wp\/v2\/types\/page"}],"author":[{"embeddable":true,"href":"https:\/\/www.bluefinancegroup.com\/fi\/wp-json\/wp\/v2\/users\/2"}],"replies":[{"embeddable":true,"href":"https:\/\/www.bluefinancegroup.com\/fi\/wp-json\/wp\/v2\/comments?post=14414"}],"version-history":[{"count":13,"href":"https:\/\/www.bluefinancegroup.com\/fi\/wp-json\/wp\/v2\/pages\/14414\/revisions"}],"predecessor-version":[{"id":14977,"href":"https:\/\/www.bluefinancegroup.com\/fi\/wp-json\/wp\/v2\/pages\/14414\/revisions\/14977"}],"wp:attachment":[{"href":"https:\/\/www.bluefinancegroup.com\/fi\/wp-json\/wp\/v2\/media?parent=14414"}],"curies":[{"name":"wp","href":"https:\/\/api.w.org\/{rel}","templated":true}]}}